{"id":1698,"date":"2013-12-28T01:38:17","date_gmt":"2013-12-28T01:38:17","guid":{"rendered":"http:\/\/demos.quadroideas.com\/nayma\/?page_id=15"},"modified":"2019-10-15T14:07:08","modified_gmt":"2019-10-15T14:07:08","slug":"contact","status":"publish","type":"page","link":"https:\/\/www.sugarfeelings.com\/?page_id=1698","title":{"rendered":"Encomendas"},"content":{"rendered":"<div class=\"wpb_row vc_row-fluid\">\n\t<div class=\"vc_span12 wpb_column column_container\">\n\t\t<div class=\"wpb_wrapper\">\n\t\t\t\n\t<div class=\"wpb_text_column wpb_content_element \">\n\t\t<div class=\"wpb_wrapper\">\n\t\t\t<p><span style=\"font-size: medium;\">Se estiver interessado em encomendar algum produto preencha o nosso formul\u00e1rio e teremos todo o prazer em ajud\u00e1-lo!<\/span><span style=\"font-size: medium;\"><span style=\"font-size: 14px; line-height: 1.5em;\">\u00a0<\/span><\/span><span style=\"font-size: medium;\"><span style=\"font-size: 14px; line-height: 1.5em;\"><br \/>\n<\/span><\/span><\/p>\n<p>As encomendas de bolos devem ser feitas no m\u00ednimo com\u00a0<b>8 dias de anteced\u00eancia<\/b>.<b>\u00a0<\/b>No caso de ser um bolo de casamento, agradecemos que a encomenda seja feita com pelo menos\u00a0<b>30 dias de anteced\u00eancia<\/b>.<\/p>\n<p>Se, contudo quiser fazer uma surpresa de \u00faltima hora, contacte-nos na mesma e tentaremos satisfazer o seu pedido.<\/p>\n\n<div class=\"wpcf7 no-js\" id=\"wpcf7-f2020-o1\" lang=\"en-US\" dir=\"ltr\" data-wpcf7-id=\"2020\">\n<div class=\"screen-reader-response\"><p role=\"status\" aria-live=\"polite\" aria-atomic=\"true\"><\/p> <ul><\/ul><\/div>\n<form action=\"\/index.php?rest_route=%2Fwp%2Fv2%2Fpages%2F1698#wpcf7-f2020-o1\" method=\"post\" class=\"wpcf7-form init\" aria-label=\"Contact form\" novalidate=\"novalidate\" data-status=\"init\">\n<fieldset class=\"hidden-fields-container\"><input type=\"hidden\" name=\"_wpcf7\" value=\"2020\" \/><input type=\"hidden\" name=\"_wpcf7_version\" value=\"6.1.5\" \/><input type=\"hidden\" name=\"_wpcf7_locale\" value=\"en_US\" \/><input type=\"hidden\" name=\"_wpcf7_unit_tag\" value=\"wpcf7-f2020-o1\" \/><input type=\"hidden\" name=\"_wpcf7_container_post\" value=\"0\" \/><input type=\"hidden\" name=\"_wpcf7_posted_data_hash\" value=\"\" \/><input type=\"hidden\" name=\"_wpcf7_recaptcha_response\" value=\"\" \/>\n<\/fieldset>\n<p>Nome*\n<\/p>\n<p><span class=\"wpcf7-form-control-wrap\" data-name=\"your-name\"><input size=\"40\" maxlength=\"400\" class=\"wpcf7-form-control wpcf7-text wpcf7-validates-as-required\" aria-required=\"true\" aria-invalid=\"false\" value=\"\" type=\"text\" name=\"your-name\" \/><\/span>\n<\/p>\n<p>Contacto telef\u00f3nico*\n<\/p>\n<p><span class=\"wpcf7-form-control-wrap\" data-name=\"text-266\"><input size=\"40\" maxlength=\"400\" class=\"wpcf7-form-control wpcf7-text wpcf7-validates-as-required\" aria-required=\"true\" aria-invalid=\"false\" value=\"\" type=\"text\" name=\"text-266\" \/><\/span>\n<\/p>\n<p>E-mail*\n<\/p>\n<p><span class=\"wpcf7-form-control-wrap\" data-name=\"your-email\"><input size=\"40\" maxlength=\"400\" class=\"wpcf7-form-control wpcf7-email wpcf7-validates-as-required wpcf7-text wpcf7-validates-as-email\" aria-required=\"true\" aria-invalid=\"false\" value=\"\" type=\"email\" name=\"your-email\" \/><\/span>\n<\/p>\n<p>Ocasi\u00e3o e tema do bolo\n<\/p>\n<p><span class=\"wpcf7-form-control-wrap\" data-name=\"text-892\"><input size=\"40\" maxlength=\"400\" class=\"wpcf7-form-control wpcf7-text\" aria-invalid=\"false\" value=\"\" type=\"text\" name=\"text-892\" \/><\/span>\n<\/p>\n<p>Massa e recheio pretendidos\n<\/p>\n<p><span class=\"wpcf7-form-control-wrap\" data-name=\"text-125\"><input size=\"40\" maxlength=\"400\" class=\"wpcf7-form-control wpcf7-text\" aria-invalid=\"false\" value=\"\" type=\"text\" name=\"text-125\" \/><\/span>\n<\/p>\n<p>N\u00famero de pessoas \/ peso\n<\/p>\n<p><span class=\"wpcf7-form-control-wrap\" data-name=\"text-325\"><input size=\"40\" maxlength=\"400\" class=\"wpcf7-form-control wpcf7-text\" aria-invalid=\"false\" value=\"\" type=\"text\" name=\"text-325\" \/><\/span>\n<\/p>\n<p>Data, local e horas para entrega\n<\/p>\n<p><span class=\"wpcf7-form-control-wrap\" data-name=\"text-824\"><input size=\"40\" maxlength=\"400\" class=\"wpcf7-form-control wpcf7-text\" aria-invalid=\"false\" value=\"\" type=\"text\" name=\"text-824\" \/><\/span>\n<\/p>\n<p>D\u00favidas\/sugest\u00f5es\n<\/p>\n<p><span class=\"wpcf7-form-control-wrap\" data-name=\"textarea-708\"><textarea cols=\"40\" rows=\"3\" maxlength=\"2000\" class=\"wpcf7-form-control wpcf7-textarea\" aria-invalid=\"false\" name=\"textarea-708\"><\/textarea><\/span>\n<\/p>\n<p><input class=\"wpcf7-form-control wpcf7-submit has-spinner\" type=\"submit\" value=\"Enviar\" \/> * Campos de preenchimento obrigat\u00f3rio.\n<\/p><div class=\"wpcf7-response-output\" aria-hidden=\"true\"><\/div>\n<\/form>\n<\/div>\n\n\n\t\t<\/div> \n\t<\/div> \n\t<div class=\"wpb_text_column wpb_content_element \">\n\t\t<div class=\"wpb_wrapper\">\n\t\t\t<p>Os bolos em pasta de a\u00e7\u00facar ou chocolate t\u00eam um peso m\u00ednimo de 2Kg. Os valores s\u00e3o sujeitos a or\u00e7amento, dependendo do formato, tipo de decora\u00e7\u00e3o, massa e recheio.<\/p>\n\n\t\t<\/div> \n\t<\/div> \n\t\t<\/div> \n\t<\/div> \n<\/div>\n","protected":false},"excerpt":{"rendered":"Se estiver interessado em encomendar algum produto preencha o nosso formul\u00e1rio e teremos todo o prazer em ajud\u00e1-lo!\u00a0 As encomendas de bolos devem ser feitas no m\u00ednimo com\u00a08 dias de anteced\u00eancia.\u00a0No caso de ser um bolo de casamento, agradecemos que a encomenda seja feita com pelo menos\u00a030 dias de anteced\u00eancia. Se, contudo quiser fazer uma [...]","protected":false},"author":1,"featured_media":3104,"parent":0,"menu_order":0,"comment_status":"closed","ping_status":"closed","template":"","meta":{"footnotes":""},"class_list":["post-1698","page","type-page","status-publish","has-post-thumbnail","hentry"],"_links":{"self":[{"href":"https:\/\/www.sugarfeelings.com\/index.php?rest_route=\/wp\/v2\/pages\/1698","targetHints":{"allow":["GET"]}}],"collection":[{"href":"https:\/\/www.sugarfeelings.com\/index.php?rest_route=\/wp\/v2\/pages"}],"about":[{"href":"https:\/\/www.sugarfeelings.com\/index.php?rest_route=\/wp\/v2\/types\/page"}],"author":[{"embeddable":true,"href":"https:\/\/www.sugarfeelings.com\/index.php?rest_route=\/wp\/v2\/users\/1"}],"replies":[{"embeddable":true,"href":"https:\/\/www.sugarfeelings.com\/index.php?rest_route=%2Fwp%2Fv2%2Fcomments&post=1698"}],"version-history":[{"count":15,"href":"https:\/\/www.sugarfeelings.com\/index.php?rest_route=\/wp\/v2\/pages\/1698\/revisions"}],"predecessor-version":[{"id":4330,"href":"https:\/\/www.sugarfeelings.com\/index.php?rest_route=\/wp\/v2\/pages\/1698\/revisions\/4330"}],"wp:featuredmedia":[{"embeddable":true,"href":"https:\/\/www.sugarfeelings.com\/index.php?rest_route=\/wp\/v2\/media\/3104"}],"wp:attachment":[{"href":"https:\/\/www.sugarfeelings.com\/index.php?rest_route=%2Fwp%2Fv2%2Fmedia&parent=1698"}],"curies":[{"name":"wp","href":"https:\/\/api.w.org\/{rel}","templated":true}]}}